{"id":49788,"date":"2025-05-21T13:26:29","date_gmt":"2025-05-21T11:26:29","guid":{"rendered":"https:\/\/blockstahl.com\/pie-de-imprenta\/"},"modified":"2025-05-27T10:24:17","modified_gmt":"2025-05-27T08:24:17","slug":"pie-de-imprenta","status":"publish","type":"page","link":"https:\/\/blockstahl.com\/es\/pie-de-imprenta\/","title":{"rendered":"Pie de imprenta"},"content":{"rendered":"\n<p>BLOCKSTAHL GmbH<br\/>Filial de SEAREX Germany GmbH<\/p>\n\n<p>Amtsstra\u00dfe 77<br\/>22149 Hamburgo<br\/>Alemania<\/p>\n\n<p>Directores Generales Siegfried Greve y Udo Gro\u00df<\/p>\n\n<p>Correo electr\u00f3nico: ug@blockstahl.com<br\/>Tel\u00e9fono: +49 177 2942161<\/p>\n","protected":false},"excerpt":{"rendered":"<p>BLOCKSTAHL GmbHFilial de SEAREX Germany GmbH Amtsstra\u00dfe 7722149 HamburgoAlemania Directores Generales Siegfried Greve y Udo Gro\u00df Correo electr\u00f3nico: ug@blockstahl.comTel\u00e9fono: +49 177 2942161<\/p>\n","protected":false},"author":1,"featured_media":0,"parent":0,"menu_order":0,"comment_status":"closed","ping_status":"closed","template":"","meta":{"iawp_total_views":7,"footnotes":""},"class_list":["post-49788","page","type-page","status-publish"],"_links":{"self":[{"href":"https:\/\/blockstahl.com\/es\/wp-json\/wp\/v2\/pages\/49788","targetHints":{"allow":["GET"]}}],"collection":[{"href":"https:\/\/blockstahl.com\/es\/wp-json\/wp\/v2\/pages"}],"about":[{"href":"https:\/\/blockstahl.com\/es\/wp-json\/wp\/v2\/types\/page"}],"author":[{"embeddable":true,"href":"https:\/\/blockstahl.com\/es\/wp-json\/wp\/v2\/users\/1"}],"replies":[{"embeddable":true,"href":"https:\/\/blockstahl.com\/es\/wp-json\/wp\/v2\/comments?post=49788"}],"version-history":[{"count":1,"href":"https:\/\/blockstahl.com\/es\/wp-json\/wp\/v2\/pages\/49788\/revisions"}],"predecessor-version":[{"id":49789,"href":"https:\/\/blockstahl.com\/es\/wp-json\/wp\/v2\/pages\/49788\/revisions\/49789"}],"wp:attachment":[{"href":"https:\/\/blockstahl.com\/es\/wp-json\/wp\/v2\/media?parent=49788"}],"curies":[{"name":"wp","href":"https:\/\/api.w.org\/{rel}","templated":true}]}}