{"id":49792,"date":"2025-05-21T13:26:29","date_gmt":"2025-05-21T11:26:29","guid":{"rendered":"https:\/\/blockstahl.com\/mentions-legales\/"},"modified":"2025-05-27T10:24:15","modified_gmt":"2025-05-27T08:24:15","slug":"mentions-legales","status":"publish","type":"page","link":"https:\/\/blockstahl.com\/fr\/mentions-legales\/","title":{"rendered":"Mentions l\u00e9gales"},"content":{"rendered":"\n<p>BLOCKSTAHL GmbH<br\/>Filiale de SEAREX Germany GmbH<\/p>\n\n<p>Amtsstra\u00dfe 77<br\/>22149 Hamburg<br\/>Germany<\/p>\n\n<p>Directeur g\u00e9n\u00e9ral Siegfried Greve et Udo Gro\u00df<\/p>\n\n<p>E-mail : ug@blockstahl.com<br\/>T\u00e9l\u00e9phone : +49 177 2942161<\/p>\n","protected":false},"excerpt":{"rendered":"<p>BLOCKSTAHL GmbHFiliale de SEAREX Germany GmbH Amtsstra\u00dfe 7722149 HamburgGermany Directeur g\u00e9n\u00e9ral Siegfried Greve et Udo Gro\u00df E-mail : ug@blockstahl.comT\u00e9l\u00e9phone : +49 177 2942161<\/p>\n","protected":false},"author":1,"featured_media":0,"parent":0,"menu_order":0,"comment_status":"closed","ping_status":"closed","template":"","meta":{"iawp_total_views":6,"footnotes":""},"class_list":["post-49792","page","type-page","status-publish"],"_links":{"self":[{"href":"https:\/\/blockstahl.com\/fr\/wp-json\/wp\/v2\/pages\/49792","targetHints":{"allow":["GET"]}}],"collection":[{"href":"https:\/\/blockstahl.com\/fr\/wp-json\/wp\/v2\/pages"}],"about":[{"href":"https:\/\/blockstahl.com\/fr\/wp-json\/wp\/v2\/types\/page"}],"author":[{"embeddable":true,"href":"https:\/\/blockstahl.com\/fr\/wp-json\/wp\/v2\/users\/1"}],"replies":[{"embeddable":true,"href":"https:\/\/blockstahl.com\/fr\/wp-json\/wp\/v2\/comments?post=49792"}],"version-history":[{"count":1,"href":"https:\/\/blockstahl.com\/fr\/wp-json\/wp\/v2\/pages\/49792\/revisions"}],"predecessor-version":[{"id":49793,"href":"https:\/\/blockstahl.com\/fr\/wp-json\/wp\/v2\/pages\/49792\/revisions\/49793"}],"wp:attachment":[{"href":"https:\/\/blockstahl.com\/fr\/wp-json\/wp\/v2\/media?parent=49792"}],"curies":[{"name":"wp","href":"https:\/\/api.w.org\/{rel}","templated":true}]}}