{"id":50144,"date":"2025-05-21T13:26:46","date_gmt":"2025-05-21T11:26:46","guid":{"rendered":"https:\/\/blockstahl.com\/protection-des-donnees\/"},"modified":"2025-07-08T07:43:28","modified_gmt":"2025-07-08T05:43:28","slug":"protection-des-donnees","status":"publish","type":"page","link":"https:\/\/blockstahl.com\/fr\/protection-des-donnees\/","title":{"rendered":"Protection des donn\u00e9es"},"content":{"rendered":"\n<h2 class=\"wp-block-heading\">1. la protection des donn\u00e9es en un coup d&rsquo;\u0153il<\/h2>\n\n<h3 class=\"wp-block-heading\">Remarques g\u00e9n\u00e9rales<\/h3>\n\n<p>Les informations suivantes donnent un aper\u00e7u simple de ce qui se passe avec vos donn\u00e9es personnelles lorsque vous visitez ce site. Les donn\u00e9es personnelles sont toutes les donn\u00e9es qui permettent de vous identifier personnellement. Vous trouverez des informations d\u00e9taill\u00e9es sur le th\u00e8me de la protection des donn\u00e9es dans notre d\u00e9claration de protection des donn\u00e9es figurant sous ce texte.  <\/p>\n\n<h3 class=\"wp-block-heading\">Collecte de donn\u00e9es sur ce site<\/h3>\n\n<p><strong>Qui est responsable de la collecte des donn\u00e9es sur ce site ?<\/strong><\/p>\n\n<p>Le traitement des donn\u00e9es sur ce site web est effectu\u00e9 par l&rsquo;exploitant du site web (voir les mentions l\u00e9gales).<\/p>\n\n<p><strong>Comment collectons-nous vos donn\u00e9es ?<\/strong><\/p>\n\n<p>Vos donn\u00e9es sont collect\u00e9es, d&rsquo;une part, lorsque vous nous les communiquez. Il peut s&rsquo;agir, par exemple, de donn\u00e9es que vous saisissez dans un formulaire de contact. <\/p>\n\n<p>D&rsquo;autres donn\u00e9es sont collect\u00e9es automatiquement ou apr\u00e8s votre consentement par nos syst\u00e8mes informatiques lorsque vous visitez le site. Il s&rsquo;agit principalement de donn\u00e9es techniques (par exemple, le navigateur Internet, le syst\u00e8me d&rsquo;exploitation ou l&rsquo;heure \u00e0 laquelle la page a \u00e9t\u00e9 consult\u00e9e). La collecte de ces donn\u00e9es est automatique d\u00e8s que vous acc\u00e9dez \u00e0 ce site.  <\/p>\n\n<p><strong>\u00c0 quelles fins utilisons-nous vos donn\u00e9es ?<\/strong><\/p>\n\n<p>Une partie des donn\u00e9es est collect\u00e9e afin de garantir une mise \u00e0 disposition sans erreur du site web. D&rsquo;autres donn\u00e9es peuvent \u00eatre utilis\u00e9es pour analyser votre comportement d&rsquo;utilisateur. <\/p>\n\n<p><strong>Quels sont vos droits concernant vos donn\u00e9es ?<\/strong><\/p>\n\n<p>Vous avez \u00e0 tout moment le droit d&rsquo;obtenir gratuitement des informations sur l&rsquo;origine, le destinataire et la finalit\u00e9 de vos donn\u00e9es personnelles enregistr\u00e9es. Vous avez \u00e9galement le droit de demander la rectification ou la suppression de ces donn\u00e9es. Si vous avez donn\u00e9 votre consentement au traitement des donn\u00e9es, vous pouvez \u00e0 tout moment r\u00e9voquer ce consentement pour l&rsquo;avenir. Vous avez \u00e9galement le droit de demander la limitation du traitement de vos donn\u00e9es personnelles dans certaines circonstances. En outre, vous disposez d&rsquo;un droit de recours aupr\u00e8s de l&rsquo;autorit\u00e9 de contr\u00f4le comp\u00e9tente.    <\/p>\n\n<p>Vous pouvez nous contacter \u00e0 tout moment \u00e0 ce sujet ou pour toute autre question relative \u00e0 la protection des donn\u00e9es \u00e0 l&rsquo;adresse indiqu\u00e9e dans les mentions l\u00e9gales.<\/p>\n\n<h3 class=\"wp-block-heading\">Cookies<\/h3>\n\n<p>Aucun cookie n&rsquo;est stock\u00e9 sur votre ordinateur lorsque vous consultez notre site web.<\/p>\n\n<h2 class=\"wp-block-heading\">2. l&rsquo;h\u00e9bergement et les r\u00e9seaux de diffusion de contenu (CDN)<\/h2>\n\n<h3 class=\"wp-block-heading\">H\u00e9bergement externe<\/h3>\n\n<p>Ce site web est h\u00e9berg\u00e9 par un prestataire de services externe (h\u00e9bergeur). Les donn\u00e9es personnelles collect\u00e9es sur ce site sont stock\u00e9es sur les serveurs de l&rsquo;h\u00e9bergeur. Il peut s&rsquo;agir, entre autres, d&rsquo;adresses IP, de demandes de contact, de m\u00e9tadonn\u00e9es et de donn\u00e9es de communication, de donn\u00e9es contractuelles, de donn\u00e9es de contact, de noms, de visites de sites web et d&rsquo;autres donn\u00e9es g\u00e9n\u00e9r\u00e9es par un site web.  <\/p>\n\n<p>L&rsquo;utilisation de l&rsquo;h\u00e9bergeur a pour but l&rsquo;ex\u00e9cution du contrat vis-\u00e0-vis de nos clients potentiels et existants (article 6, paragraphe 1, point b du RGPD) et dans l&rsquo;int\u00e9r\u00eat d&rsquo;une mise \u00e0 disposition s\u00fbre, rapide et efficace de notre offre en ligne par un fournisseur professionnel (article 6, paragraphe 1, point f du RGPD).<\/p>\n\n<p>Notre h\u00e9bergeur ne traitera vos donn\u00e9es que dans la mesure o\u00f9 cela est n\u00e9cessaire pour remplir ses obligations de service et se conformera \u00e0 nos instructions concernant ces donn\u00e9es.<\/p>\n\n<p><strong>Conclusion d&rsquo;un contrat de traitement des commandes<\/strong><\/p>\n\n<p>Afin de garantir un traitement conforme \u00e0 la protection des donn\u00e9es, nous avons conclu un contrat de traitement des commandes avec notre h\u00e9bergeur.<\/p>\n\n<h2 class=\"wp-block-heading\">3. indications g\u00e9n\u00e9rales et informations obligatoires<\/h2>\n\n<h3 class=\"wp-block-heading\">Protection des donn\u00e9es<\/h3>\n\n<p>Les op\u00e9rateurs de ces pages prennent la protection de vos donn\u00e9es personnelles tr\u00e8s au s\u00e9rieux. Nous traitons vos donn\u00e9es personnelles de mani\u00e8re confidentielle et conform\u00e9ment aux dispositions l\u00e9gales en mati\u00e8re de protection des donn\u00e9es et \u00e0 la pr\u00e9sente d\u00e9claration de confidentialit\u00e9. <\/p>\n\n<p>Lorsque vous utilisez ce site web, diverses donn\u00e9es personnelles sont collect\u00e9es. Les donn\u00e9es personnelles sont des donn\u00e9es qui permettent de vous identifier personnellement. La pr\u00e9sente d\u00e9claration de confidentialit\u00e9 explique quelles donn\u00e9es nous collectons et \u00e0 quelles fins nous les utilisons. Elle explique \u00e9galement comment et dans quel but nous le faisons.   <\/p>\n\n<p>Nous attirons votre attention sur le fait que la transmission de donn\u00e9es sur Internet (par ex. lors de la communication par e-mail) peut pr\u00e9senter des failles de s\u00e9curit\u00e9. Une protection compl\u00e8te des donn\u00e9es contre l&rsquo;acc\u00e8s par des tiers n&rsquo;est pas possible. <\/p>\n\n<h3 class=\"wp-block-heading\">Note sur l&rsquo;entit\u00e9 responsable<\/h3>\n\n<p>Le responsable du traitement des donn\u00e9es sur ce site est :<\/p>\n\n<p>BLOCKSTAHL GmbH<br\/>Filiale de SEAREX Germany GmbH<\/p>\n\n<p>Amtsstra\u00dfe 77<br\/>22149 Hamburg<br\/>Germany<\/p>\n\n<p>Directeur g\u00e9n\u00e9ral Siegfried Greve et Udo Gro\u00df<\/p>\n\n<p>E-mail : ug@blockstahl.com<br\/>T\u00e9l\u00e9phone : +49 177 2942161<br\/>Site web : <a href=\"https:\/\/blockstahl.com\/fr\/\">blockstahl.com<\/a><\/p>\n\n<p>Le responsable du traitement est la personne physique ou morale qui, seule ou conjointement avec d&rsquo;autres, d\u00e9termine les finalit\u00e9s et les moyens du traitement des donn\u00e9es \u00e0 caract\u00e8re personnel (par exemple, les noms, les adresses \u00e9lectroniques ou autres).<\/p>\n\n<h3 class=\"wp-block-heading\">R\u00e9vocation de votre consentement au traitement des donn\u00e9es<\/h3>\n\n<p>De nombreuses op\u00e9rations de traitement des donn\u00e9es ne sont possibles qu&rsquo;avec votre consentement explicite. Vous pouvez r\u00e9voquer \u00e0 tout moment un consentement d\u00e9j\u00e0 donn\u00e9. Il suffit pour cela de nous envoyer un message informel par e-mail. La l\u00e9galit\u00e9 du traitement des donn\u00e9es effectu\u00e9 jusqu&rsquo;\u00e0 la r\u00e9vocation n&rsquo;est pas affect\u00e9e par la r\u00e9vocation.   <\/p>\n\n<h3 class=\"wp-block-heading\">Droit d&rsquo;opposition \u00e0 la collecte de donn\u00e9es dans des cas particuliers et \u00e0 la publicit\u00e9 directe (article 21 du RGPD)<\/h3>\n\n<p>Si le traitement des donn\u00e9es est bas\u00e9 sur l&rsquo;article 6, paragraphe 1, lettre e ou f du RGPD, vous avez le droit de vous opposer \u00e0 tout moment au traitement de vos donn\u00e9es personnelles pour des raisons li\u00e9es \u00e0 votre situation particuli\u00e8re ; cela s&rsquo;applique \u00e9galement au profilage bas\u00e9 sur ces dispositions. Vous trouverez dans la pr\u00e9sente d\u00e9claration de protection des donn\u00e9es la base juridique sur laquelle se fonde le traitement. Si vous vous y opposez, nous ne traiterons plus vos donn\u00e9es personnelles concern\u00e9es, \u00e0 moins que nous puissions d\u00e9montrer qu&rsquo;il existe des motifs l\u00e9gitimes et imp\u00e9rieux pour le traitement qui pr\u00e9valent sur vos int\u00e9r\u00eats, droits et libert\u00e9s, ou que le traitement sert \u00e0 faire valoir, exercer ou d\u00e9fendre des droits en justice (opposition conform\u00e9ment \u00e0 l&rsquo;article 21, paragraphe 1 du RGPD).    <\/p>\n\n<p>Si vos donn\u00e9es personnelles sont trait\u00e9es \u00e0 des fins de publicit\u00e9 directe, vous avez le droit de vous opposer \u00e0 tout moment au traitement des donn\u00e9es personnelles vous concernant \u00e0 de telles fins de publicit\u00e9 ; ceci s&rsquo;applique \u00e9galement au profilage dans la mesure o\u00f9 il est li\u00e9 \u00e0 une telle publicit\u00e9 directe. Si vous vous y opposez, vos donn\u00e9es personnelles ne seront ensuite plus utilis\u00e9es \u00e0 des fins de publicit\u00e9 directe (opposition conform\u00e9ment \u00e0 l&rsquo;article 21, paragraphe 2, du RGPD). <\/p>\n\n<h3 class=\"wp-block-heading\">Droit de recours aupr\u00e8s de l&rsquo;autorit\u00e9 de contr\u00f4le comp\u00e9tente<\/h3>\n\n<p>En cas de violation du RGPD, les personnes concern\u00e9es ont le droit d&rsquo;introduire une r\u00e9clamation aupr\u00e8s d&rsquo;une autorit\u00e9 de contr\u00f4le, en particulier dans l&rsquo;\u00c9tat membre de leur r\u00e9sidence habituelle, de leur lieu de travail ou du lieu de la violation pr\u00e9sum\u00e9e. Ce droit de recours est sans pr\u00e9judice de tout autre recours administratif ou judiciaire. <\/p>\n\n<h3 class=\"wp-block-heading\">Droit \u00e0 la portabilit\u00e9 des donn\u00e9es<\/h3>\n\n<p>Vous avez le droit de vous faire remettre ou de faire remettre \u00e0 un tiers, dans un format courant et lisible par machine, les donn\u00e9es que nous traitons de mani\u00e8re automatis\u00e9e sur la base de votre consentement ou en ex\u00e9cution d&rsquo;un contrat. Si vous demandez la transmission directe des donn\u00e9es \u00e0 un autre responsable, cela ne se fera que dans la mesure o\u00f9 cela est techniquement possible. <\/p>\n\n<h3 class=\"wp-block-heading\">Chiffrement SSL ou TLS<\/h3>\n\n<p>Pour des raisons de s\u00e9curit\u00e9 et pour prot\u00e9ger la transmission de contenus confidentiels, tels que les commandes ou les demandes que vous nous envoyez en tant qu&rsquo;exploitant du site, ce site utilise un cryptage SSL ou TLS. Vous pouvez reconna\u00eetre une connexion crypt\u00e9e au fait que la ligne d&rsquo;adresse du navigateur passe de \u00ab\u00a0http:\/\/\u00a0\u00bb \u00e0 \u00ab\u00a0https:\/\/\u00a0\u00bb et au symbole du cadenas dans la ligne de votre navigateur. <\/p>\n\n<p>Si le cryptage SSL ou TLS est activ\u00e9, les donn\u00e9es que vous nous transmettez ne peuvent pas \u00eatre lues par des tiers.<\/p>\n\n<h3 class=\"wp-block-heading\">Acc\u00e8s, suppression et rectification<\/h3>\n\n<p>Dans le cadre des dispositions l\u00e9gales en vigueur, vous avez \u00e0 tout moment le droit d&rsquo;obtenir gratuitement des informations sur vos donn\u00e9es personnelles enregistr\u00e9es, leur origine et leur destinataire ainsi que sur la finalit\u00e9 du traitement des donn\u00e9es et, le cas \u00e9ch\u00e9ant, un droit de rectification ou de suppression de ces donn\u00e9es. Pour cela, ainsi que pour toute autre question relative aux donn\u00e9es personnelles, vous pouvez nous contacter \u00e0 tout moment \u00e0 l&rsquo;adresse indiqu\u00e9e dans les mentions l\u00e9gales. <\/p>\n\n<h3 class=\"wp-block-heading\">Droit \u00e0 la limitation du traitement<\/h3>\n\n<p>Vous avez le droit de demander la limitation du traitement de vos donn\u00e9es \u00e0 caract\u00e8re personnel. Pour ce faire, vous pouvez nous contacter \u00e0 tout moment \u00e0 l&rsquo;adresse indiqu\u00e9e dans les mentions l\u00e9gales. Le droit \u00e0 la limitation du traitement s&rsquo;applique dans les cas suivants :  <\/p>\n\n<ul class=\"wp-block-list\">\n<li>Si vous contestez l&rsquo;exactitude des donn\u00e9es personnelles que nous d\u00e9tenons \u00e0 votre sujet, nous avons g\u00e9n\u00e9ralement besoin de temps pour le v\u00e9rifier. Pendant la dur\u00e9e de la v\u00e9rification, vous avez le droit de demander la limitation du traitement de vos donn\u00e9es personnelles. <\/li>\n\n\n\n<li>Si le traitement de vos donn\u00e9es personnelles s&rsquo;est produit\/se produit de mani\u00e8re ill\u00e9gale, vous pouvez demander la limitation du traitement des donn\u00e9es plut\u00f4t que leur suppression.<\/li>\n\n\n\n<li>Si nous n&rsquo;avons plus besoin de vos donn\u00e9es personnelles, mais que vous en avez besoin pour exercer, d\u00e9fendre ou faire valoir des droits l\u00e9gaux, vous avez le droit de demander la limitation du traitement de vos donn\u00e9es personnelles au lieu de leur suppression.<\/li>\n\n\n\n<li>Si vous avez fait opposition conform\u00e9ment \u00e0 l&rsquo;article 21, paragraphe 1, du RGPD, un \u00e9quilibre doit \u00eatre trouv\u00e9 entre vos int\u00e9r\u00eats et les n\u00f4tres. Tant qu&rsquo;il n&rsquo;a pas \u00e9t\u00e9 d\u00e9termin\u00e9 quels int\u00e9r\u00eats pr\u00e9valent, vous avez le droit de demander la limitation du traitement de vos donn\u00e9es personnelles.  <\/li>\n<\/ul>\n\n<p>Si vous avez limit\u00e9 le traitement de vos donn\u00e9es personnelles, ces donn\u00e9es &#8211; \u00e0 l&rsquo;exception de leur stockage &#8211; ne peuvent \u00eatre trait\u00e9es qu&rsquo;avec votre consentement ou pour la constatation, l&rsquo;exercice ou la d\u00e9fense de droits en justice ou pour la protection des droits d&rsquo;une autre personne physique ou morale, ou pour un motif d&rsquo;int\u00e9r\u00eat public important de l&rsquo;Union europ\u00e9enne ou d&rsquo;un \u00c9tat membre.<\/p>\n\n<h3 class=\"wp-block-heading\">Opposition aux e-mails commerciaux<\/h3>\n\n<p>L&rsquo;utilisation des donn\u00e9es de contact publi\u00e9es dans le cadre des mentions l\u00e9gales obligatoires pour l&rsquo;envoi de publicit\u00e9 et de mat\u00e9riel d&rsquo;information non express\u00e9ment demand\u00e9s est interdite. Les exploitants des pages se r\u00e9servent express\u00e9ment le droit d&rsquo;engager des poursuites judiciaires en cas d&rsquo;envoi non sollicit\u00e9 d&rsquo;informations publicitaires, par exemple par le biais de spams. <\/p>\n\n<h2 class=\"wp-block-heading\">4. collecte de donn\u00e9es sur ce site<\/h2>\n\n<h3 class=\"wp-block-heading\">Fichiers journaux du serveur<\/h3>\n\n<p>Le fournisseur des pages collecte et enregistre automatiquement des informations dans ce que l&rsquo;on appelle des fichiers journaux du serveur, que votre navigateur nous transmet automatiquement. Il s&rsquo;agit de <\/p>\n\n<ul class=\"wp-block-list\">\n<li>Type et version du navigateur<\/li>\n\n\n\n<li>le syst\u00e8me d&rsquo;exploitation utilis\u00e9<\/li>\n\n\n\n<li>URL de r\u00e9f\u00e9rence<\/li>\n\n\n\n<li>Nom d&rsquo;h\u00f4te de l&rsquo;ordinateur qui acc\u00e8de au site<\/li>\n\n\n\n<li>Heure de la demande du serveur<\/li>\n\n\n\n<li>Adresse IP<\/li>\n<\/ul>\n\n<p>Ces donn\u00e9es ne sont pas recoup\u00e9es avec d&rsquo;autres sources de donn\u00e9es.<\/p>\n\n<p>La collecte de ces donn\u00e9es est bas\u00e9e sur l&rsquo;article 6, paragraphe 1, point f) du RGPD. L&rsquo;exploitant du site web a un int\u00e9r\u00eat l\u00e9gitime \u00e0 ce que son site web soit pr\u00e9sent\u00e9 sans erreur technique et \u00e0 ce qu&rsquo;il soit optimis\u00e9 &#8211; pour cela, les fichiers journaux du serveur doivent \u00eatre collect\u00e9s.   <\/p>\n\n<h3 class=\"wp-block-heading\">Formulaire de contact<\/h3>\n\n<p>Si vous nous envoyez des demandes via le formulaire de contact, les informations que vous avez fournies dans le formulaire de demande, y compris les donn\u00e9es de contact que vous y avez indiqu\u00e9es, seront stock\u00e9es chez nous pour le traitement de la demande et en cas de questions de suivi. Nous ne transmettons pas ces donn\u00e9es sans votre consentement. <\/p>\n\n<p>Le traitement de ces donn\u00e9es est fond\u00e9 sur l&rsquo;article 6, paragraphe 1, point b), du RGPD, dans la mesure o\u00f9 votre demande est li\u00e9e \u00e0 l&rsquo;ex\u00e9cution d&rsquo;un contrat ou est n\u00e9cessaire \u00e0 l&rsquo;ex\u00e9cution de mesures pr\u00e9contractuelles. Dans tous les autres cas, le traitement est fond\u00e9 sur notre int\u00e9r\u00eat l\u00e9gitime \u00e0 traiter efficacement les demandes qui nous sont adress\u00e9es (article 6, paragraphe 1, point f) du RGPD) ou sur votre consentement (article 6, paragraphe 1, point a) du RGPD) si celui-ci a \u00e9t\u00e9 demand\u00e9.   <\/p>\n\n<p>Les donn\u00e9es que vous avez saisies dans le formulaire de contact restent chez nous jusqu&rsquo;\u00e0 ce que vous nous demandiez de les supprimer, que vous r\u00e9voquiez votre consentement \u00e0 leur stockage ou que le but du stockage des donn\u00e9es devienne caduc (par exemple, une fois que votre demande a \u00e9t\u00e9 trait\u00e9e). Les dispositions l\u00e9gales obligatoires &#8211; en particulier les d\u00e9lais de conservation &#8211; ne sont pas affect\u00e9es. <\/p>\n\n<h3 class=\"wp-block-heading\">Demande par e-mail, t\u00e9l\u00e9phone ou fax<\/h3>\n\n<p>Si vous nous contactez par e-mail, t\u00e9l\u00e9phone ou t\u00e9l\u00e9copie, votre demande, y compris toutes les donn\u00e9es personnelles qui en d\u00e9coulent (nom, demande), sera enregistr\u00e9e et trait\u00e9e par nos soins dans le but de traiter votre demande. Nous ne transmettons pas ces donn\u00e9es sans votre consentement. <\/p>\n\n<p>Le traitement de ces donn\u00e9es est fond\u00e9 sur l&rsquo;article 6, paragraphe 1, point b), du RGPD, dans la mesure o\u00f9 votre demande est li\u00e9e \u00e0 l&rsquo;ex\u00e9cution d&rsquo;un contrat ou est n\u00e9cessaire \u00e0 l&rsquo;ex\u00e9cution de mesures pr\u00e9contractuelles. Dans tous les autres cas, le traitement est fond\u00e9 sur notre int\u00e9r\u00eat l\u00e9gitime \u00e0 traiter efficacement les demandes qui nous sont adress\u00e9es (article 6, paragraphe 1, point f) du RGPD) ou sur votre consentement (article 6, paragraphe 1, point a) du RGPD) si celui-ci a \u00e9t\u00e9 demand\u00e9.   <\/p>\n\n<p>Les donn\u00e9es que vous nous avez envoy\u00e9es par le biais de demandes de contact restent chez nous jusqu&rsquo;\u00e0 ce que vous nous demandiez de les supprimer, que vous r\u00e9voquiez votre consentement \u00e0 leur stockage ou que le but du stockage des donn\u00e9es devienne caduc (par exemple, une fois que votre demande a \u00e9t\u00e9 trait\u00e9e). Les dispositions l\u00e9gales obligatoires &#8211; en particulier les d\u00e9lais de conservation l\u00e9gaux &#8211; ne sont pas affect\u00e9es. <\/p>\n\n<h2 class=\"wp-block-heading\">5. services propres<\/h2>\n\n<h3 class=\"wp-block-heading\">Traitement des donn\u00e9es des candidats<\/h3>\n\n<p>Nous vous offrons la possibilit\u00e9 de postuler chez nous (par exemple par e-mail, par courrier ou via le formulaire de candidature en ligne). Nous vous informons ci-apr\u00e8s de l&rsquo;\u00e9tendue, de la finalit\u00e9 et de l&rsquo;utilisation de vos donn\u00e9es personnelles collect\u00e9es dans le cadre du processus de candidature. Nous vous assurons que la collecte, le traitement et l&rsquo;utilisation de vos donn\u00e9es sont conformes \u00e0 la l\u00e9gislation en vigueur sur la protection des donn\u00e9es et \u00e0 toutes les autres dispositions l\u00e9gales et que vos donn\u00e9es sont trait\u00e9es de mani\u00e8re strictement confidentielle.  <\/p>\n\n<p><strong>Port\u00e9e et objectif de la collecte de donn\u00e9es<\/strong><\/p>\n\n<p>Lorsque vous nous envoyez une candidature, nous traitons les donn\u00e9es personnelles qui y sont li\u00e9es (par ex. donn\u00e9es de contact et de communication, dossier de candidature, notes prises dans le cadre d&rsquo;entretiens d&#8217;embauche, etc.), dans la mesure o\u00f9 cela est n\u00e9cessaire pour d\u00e9cider de l&rsquo;\u00e9tablissement d&rsquo;une relation de travail. La base juridique est l&rsquo;article 26 BDSG-neu selon le droit allemand (initiation d&rsquo;une relation d&#8217;emploi), l&rsquo;article 6, paragraphe 1, point b du RGPD (initiation g\u00e9n\u00e9rale d&rsquo;un contrat) et &#8211; si vous avez donn\u00e9 votre consentement &#8211; l&rsquo;article 6, paragraphe 1, point a du RGPD. Le consentement peut \u00eatre r\u00e9voqu\u00e9 \u00e0 tout moment. Au sein de notre entreprise, vos donn\u00e9es personnelles ne sont transmises qu&rsquo;aux personnes impliqu\u00e9es dans le traitement de votre candidature.       <\/p>\n\n<p>Si votre candidature est retenue, les donn\u00e9es que vous avez soumises seront enregistr\u00e9es dans nos syst\u00e8mes de traitement des donn\u00e9es sur la base de l&rsquo;article 26 BDSG-neu et de l&rsquo;article 6, paragraphe 1, point b) du RGPD aux fins de l&rsquo;ex\u00e9cution de la relation d&#8217;emploi.  <\/p>\n\n<p><strong>Dur\u00e9e de conservation des donn\u00e9es<\/strong><\/p>\n\n<p>Si nous ne sommes pas en mesure de vous proposer un emploi, si vous refusez une offre d&#8217;emploi ou si vous retirez votre candidature, nous nous r\u00e9servons le droit de conserver les donn\u00e9es que vous nous avez transmises sur la base de nos int\u00e9r\u00eats l\u00e9gitimes (article 6, paragraphe 1, point f) du RGPD) pendant une dur\u00e9e maximale de 6 mois \u00e0 compter de la fin de la proc\u00e9dure de candidature (refus ou retrait de la candidature). Ensuite, les donn\u00e9es sont effac\u00e9es et les dossiers de candidature physiques sont d\u00e9truits. La conservation sert notamment \u00e0 des fins de preuve en cas de litige. S&rsquo;il est \u00e9vident que les donn\u00e9es seront n\u00e9cessaires apr\u00e8s l&rsquo;expiration du d\u00e9lai de six mois (par exemple en raison d&rsquo;une menace de litige ou d&rsquo;un litige en cours), elles ne seront supprim\u00e9es que lorsque la finalit\u00e9 de la conservation ult\u00e9rieure n&rsquo;aura plus lieu d&rsquo;\u00eatre.   <\/p>\n\n<p>Une conservation plus longue peut \u00e9galement avoir lieu si vous avez donn\u00e9 votre consentement (article 6, paragraphe 1, point a) du RGPD) ou si des obligations l\u00e9gales de conservation s&rsquo;opposent \u00e0 la suppression.<\/p>\n","protected":false},"excerpt":{"rendered":"<p>1. la protection des donn\u00e9es en un coup d&rsquo;\u0153il Remarques g\u00e9n\u00e9rales Les informations suivantes donnent un aper\u00e7u simple de ce qui se passe avec vos donn\u00e9es personnelles lorsque vous visitez ce site. Les donn\u00e9es personnelles sont toutes les donn\u00e9es qui permettent de vous identifier personnellement. Vous trouverez des informations d\u00e9taill\u00e9es sur le th\u00e8me de la &#8230; <a title=\"Protection des donn\u00e9es\" class=\"read-more\" href=\"https:\/\/blockstahl.com\/fr\/protection-des-donnees\/\" aria-label=\"En savoir plus sur Protection des donn\u00e9es\">Lire plus<\/a><\/p>\n","protected":false},"author":1,"featured_media":0,"parent":0,"menu_order":0,"comment_status":"closed","ping_status":"closed","template":"","meta":{"iawp_total_views":2,"footnotes":""},"class_list":["post-50144","page","type-page","status-publish"],"_links":{"self":[{"href":"https:\/\/blockstahl.com\/fr\/wp-json\/wp\/v2\/pages\/50144","targetHints":{"allow":["GET"]}}],"collection":[{"href":"https:\/\/blockstahl.com\/fr\/wp-json\/wp\/v2\/pages"}],"about":[{"href":"https:\/\/blockstahl.com\/fr\/wp-json\/wp\/v2\/types\/page"}],"author":[{"embeddable":true,"href":"https:\/\/blockstahl.com\/fr\/wp-json\/wp\/v2\/users\/1"}],"replies":[{"embeddable":true,"href":"https:\/\/blockstahl.com\/fr\/wp-json\/wp\/v2\/comments?post=50144"}],"version-history":[{"count":1,"href":"https:\/\/blockstahl.com\/fr\/wp-json\/wp\/v2\/pages\/50144\/revisions"}],"predecessor-version":[{"id":50145,"href":"https:\/\/blockstahl.com\/fr\/wp-json\/wp\/v2\/pages\/50144\/revisions\/50145"}],"wp:attachment":[{"href":"https:\/\/blockstahl.com\/fr\/wp-json\/wp\/v2\/media?parent=50144"}],"curies":[{"name":"wp","href":"https:\/\/api.w.org\/{rel}","templated":true}]}}